{"id":35472,"date":"2025-03-19T11:41:51","date_gmt":"2025-03-19T16:41:51","guid":{"rendered":"https:\/\/mimitoi.com\/?post_type=product&#038;p=35472"},"modified":"2025-03-19T11:43:56","modified_gmt":"2025-03-19T16:43:56","slug":"protector-carcasa-case-nintendo-switch","status":"publish","type":"product","link":"https:\/\/mimitoi.com\/index.php\/product\/protector-carcasa-case-nintendo-switch\/","title":{"rendered":"Protector Carcasa Case Nintendo Switch"},"content":{"rendered":"<p>Practico dise\u00f1o de funda protectora para Nintendo Switch para una mayor protecci\u00f3n de tu consola, de excelente calidad y dise\u00f1o.<\/p>\n<p>Caracter\u00edsticas:<\/p>\n<p>1. Dise\u00f1o para Nintendo Switch<br \/>\n2. Hecho de TPU de alta calidad<br \/>\n3. Protege tu controlador de golpes y rasgu\u00f1os.<br \/>\n4. Evita el polvo para la consola Nintendo Switch<br \/>\n5. Color: Azul y Blanco<br \/>\n6. Cubierta trasera de policarbonato resistente a los ara\u00f1azos<br \/>\n7. Parachoques de TPU resistente a los golpes<br \/>\n8. F\u00e1cil instalaci\u00f3n<br \/>\n9. Agarre mejorado<\/p>\n<p>El paquete incluye: 1 funda para Nintendo Switch<\/p>\n<p>Que esperas?<\/p>\n<p>!!!!!!!!!!!COMPRALO YA!!!!!!!!!!!!!<\/p>\n","protected":false},"excerpt":{"rendered":"<p>Practico dise\u00f1o de funda protectora para Nintendo Switch para una mayor protecci\u00f3n de tu consola, de excelente calidad y dise\u00f1o.<\/p>\n","protected":false},"featured_media":35473,"comment_status":"open","ping_status":"closed","template":"","meta":{"om_disable_all_campaigns":false,"_monsterinsights_skip_tracking":false,"_monsterinsights_sitenote_active":false,"_monsterinsights_sitenote_note":"","_monsterinsights_sitenote_category":0,"_uf_show_specific_survey":0,"_uf_disable_surveys":false},"product_cat":[161],"product_tag":[],"aioseo_notices":[],"jetpack_sharing_enabled":true,"_links":{"self":[{"href":"https:\/\/mimitoi.com\/index.php\/wp-json\/wp\/v2\/product\/35472"}],"collection":[{"href":"https:\/\/mimitoi.com\/index.php\/wp-json\/wp\/v2\/product"}],"about":[{"href":"https:\/\/mimitoi.com\/index.php\/wp-json\/wp\/v2\/types\/product"}],"replies":[{"embeddable":true,"href":"https:\/\/mimitoi.com\/index.php\/wp-json\/wp\/v2\/comments?post=35472"}],"wp:featuredmedia":[{"embeddable":true,"href":"https:\/\/mimitoi.com\/index.php\/wp-json\/wp\/v2\/media\/35473"}],"wp:attachment":[{"href":"https:\/\/mimitoi.com\/index.php\/wp-json\/wp\/v2\/media?parent=35472"}],"wp:term":[{"taxonomy":"product_cat","embeddable":true,"href":"https:\/\/mimitoi.com\/index.php\/wp-json\/wp\/v2\/product_cat?post=35472"},{"taxonomy":"product_tag","embeddable":true,"href":"https:\/\/mimitoi.com\/index.php\/wp-json\/wp\/v2\/product_tag?post=35472"}],"curies":[{"name":"wp","href":"https:\/\/api.w.org\/{rel}","templated":true}]}}