{"id":35408,"date":"2025-01-23T18:33:13","date_gmt":"2025-01-23T23:33:13","guid":{"rendered":"https:\/\/mimitoi.com\/?post_type=product&#038;p=35408"},"modified":"2025-01-23T18:34:11","modified_gmt":"2025-01-23T23:34:11","slug":"espumadores-de-leche-inalambrico-recargable","status":"publish","type":"product","link":"https:\/\/mimitoi.com\/index.php\/product\/espumadores-de-leche-inalambrico-recargable\/","title":{"rendered":"Espumadores de leche inal\u00e1mbrico recargable"},"content":{"rendered":"<p><span class=\"selectable-text copyable-text false\">Espumadores de leche inal\u00e1mbricos, licuadora el\u00e9ctrica de mano, Mini cafetera el\u00e9ctrica, batidora con USB para caf\u00e9, crema de capuchino<\/span><\/p>\n","protected":false},"excerpt":{"rendered":"<p><span class=\"selectable-text copyable-text false\">Espumadores de leche inal\u00e1mbricos, licuadora el\u00e9ctrica de mano, Mini cafetera el\u00e9ctrica, batidora con USB para caf\u00e9, crema de capuchino<\/span><\/p>\n","protected":false},"featured_media":35409,"comment_status":"open","ping_status":"closed","template":"","meta":{"om_disable_all_campaigns":false,"_monsterinsights_skip_tracking":false,"_monsterinsights_sitenote_active":false,"_monsterinsights_sitenote_note":"","_monsterinsights_sitenote_category":0,"_uf_show_specific_survey":0,"_uf_disable_surveys":false},"product_cat":[217],"product_tag":[],"aioseo_notices":[],"jetpack_sharing_enabled":true,"_links":{"self":[{"href":"https:\/\/mimitoi.com\/index.php\/wp-json\/wp\/v2\/product\/35408"}],"collection":[{"href":"https:\/\/mimitoi.com\/index.php\/wp-json\/wp\/v2\/product"}],"about":[{"href":"https:\/\/mimitoi.com\/index.php\/wp-json\/wp\/v2\/types\/product"}],"replies":[{"embeddable":true,"href":"https:\/\/mimitoi.com\/index.php\/wp-json\/wp\/v2\/comments?post=35408"}],"wp:featuredmedia":[{"embeddable":true,"href":"https:\/\/mimitoi.com\/index.php\/wp-json\/wp\/v2\/media\/35409"}],"wp:attachment":[{"href":"https:\/\/mimitoi.com\/index.php\/wp-json\/wp\/v2\/media?parent=35408"}],"wp:term":[{"taxonomy":"product_cat","embeddable":true,"href":"https:\/\/mimitoi.com\/index.php\/wp-json\/wp\/v2\/product_cat?post=35408"},{"taxonomy":"product_tag","embeddable":true,"href":"https:\/\/mimitoi.com\/index.php\/wp-json\/wp\/v2\/product_tag?post=35408"}],"curies":[{"name":"wp","href":"https:\/\/api.w.org\/{rel}","templated":true}]}}