{"id":34423,"date":"2024-01-16T20:17:21","date_gmt":"2024-01-17T01:17:21","guid":{"rendered":"https:\/\/mimitoi.com\/?post_type=product&#038;p=34423"},"modified":"2025-10-23T16:58:47","modified_gmt":"2025-10-23T21:58:47","slug":"tarjeta-de-desarrollo-esp32-wifi-bluetooth-arduino","status":"publish","type":"product","link":"https:\/\/mimitoi.com\/index.php\/product\/tarjeta-de-desarrollo-esp32-wifi-bluetooth-arduino\/","title":{"rendered":"Tarjeta De Desarrollo Esp32 Wifi Bluetooth Arduino"},"content":{"rendered":"<p>Tarjeta De Desarrollo Esp Wroom 32 Esp322 Wifi Bluetooth<br \/>\n(ENTREGA INMEDIATA)<\/p>\n<p>La plataforma ESP32 ofrece a bajo costo capacidades wifi, bluetooth y BLE. Tiene un CPU de dos n\u00facleos de hasta 240Mhz que se pueden controlar independientemente. Ademas integra internamente una gran cantidad de perif\u00e9ricos incluyendo: sensores t\u00e1ctiles capacitivos, sensor de efecto Hall, amplificadores de bajo ruido, interfaz para tarjeta SD, Ethernet, SPI de alta velocidad, UART, I2S e I2C.<\/p>\n<p>El punto fuerte de esta plataforma es su gran comunidad en internet que le brinda soporte y desarolla constantemente nuevas herramientas para su uso.<\/p>\n<p>Para su desarrollo cuenta con gran variedad de software, lenguajes de programaci\u00f3n, frameworks, librerias, codigos, y otros recursos. Los m\u00e1s comunes a elegir son: Esp-idf (Espressif IoT Development Framework) desarollado por el fabricante del chip, Arduino (en lenguaje C++), Simba Embedded Programming Platform (en lenguaje Python), RTOS&#8217;s (como Zephyr Project, Mongoose OS, NuttX RTOS), MicroPython, LUA, Javascript (Espruino, Duktape, Mongoose JS), Basic.<\/p>\n<p>La tarjeta NodeMCU est\u00e1 dise\u00f1ada especialmente para trabajar en protoboard. Posee un regulador de voltaje en placa que le permite alimentarse directamente del puerto USB. Los pines de entradas\/salidas trabajan a 3.3V. El chip CP2102 se encarga de la comunicaci\u00f3n USB-Serial.<\/p>\n<p>Especificaciones tecnicas:<\/p>\n<p>Voltaje de Alimentaci\u00f3n (USB): 5V DC<br \/>\nVoltaje de Entradas\/Salidas: 3.3V DC<br \/>\nSoC: ESP32<br \/>\nCPU principal: Tensilica Xtensa 32-bit LX6<br \/>\nFrecuencia de Reloj: hasta 240Mhz<br \/>\nDesempe\u00f1o: Hasta 600 DMIPS<br \/>\nProcesador secundario: Permite hacer operaciones b\u00e1sica en modo de ultra bajo consumo<br \/>\nWifi: 802.11 b\/g\/n\/e\/i (802.11n @ 2.4 GHz hasta 150 Mbit\/s)<br \/>\nBluetooth:v4.2 BR\/EDR and Bluetooth Low Energy (BLE)<br \/>\nXtensa\u00ae Dual-Core 32-bit LX6 microprocessors, up to 600 DMIPS<br \/>\nMemoria:<br \/>\n448 KByte ROM<br \/>\n520 KByte SRAM<br \/>\n16 KByte SRAM in RTC<br \/>\nQSPI Flash\/SRAM, 4 MBytes<br \/>\nPines Digitales GPIO: 24 (Algunos pines solo como entrada)<br \/>\nConvesor Analogolico Digital: Dos ADC de 12bits tipo SAR.<\/p>\n","protected":false},"excerpt":{"rendered":"<p>La\u00a0<strong>ESP32<\/strong>\u00a0es una tarjeta de desarrollo econ\u00f3mica que ofrece capacidades de\u00a0<strong>WiFi, Bluetooth y BLE<\/strong>. Cuenta con un\u00a0<strong>CPU dual-core<\/strong>\u00a0que alcanza hasta\u00a0<strong>240Mhz<\/strong>\u00a0y una variedad de perif\u00e9ricos integrados. Es conocida por su amplia comunidad en l\u00ednea que ofrece soporte y herramientas de desarrollo. Admite varios lenguajes de programaci\u00f3n y frameworks, y est\u00e1 dise\u00f1ada para ser usada en protoboard con un regulador de voltaje incorporado. Las especificaciones t\u00e9cnicas incluyen\u00a0<strong>voltaje de alimentaci\u00f3n de 5V DC<\/strong>,\u00a0<strong>SoC ESP32<\/strong>, y\u00a0<strong>memoria de hasta 520 KByte SRAM<\/strong>.<\/p>\n<p><strong>Pago contra entrega<\/strong><\/p>\n<h4><strong><a href=\"https:\/\/wa.me\/573176879290?text=Hola%20estoy%20interesado%20en%20ESP32\">Si tienes dudas cont\u00e1ctanos al WhatsApp 3176879290 <img decoding=\"async\" class=\"alignnone wp-image-34219\" src=\"https:\/\/mimitoi.com\/wp-content\/uploads\/2023\/03\/logow.png\" alt=\"\" width=\"21\" height=\"21\" \/><\/a><\/strong><\/h4>\n","protected":false},"featured_media":34425,"comment_status":"open","ping_status":"closed","template":"","meta":{"om_disable_all_campaigns":false,"_monsterinsights_skip_tracking":false,"_monsterinsights_sitenote_active":false,"_monsterinsights_sitenote_note":"","_monsterinsights_sitenote_category":0,"_uf_show_specific_survey":0,"_uf_disable_surveys":false},"product_cat":[223,219],"product_tag":[],"aioseo_notices":[],"jetpack_sharing_enabled":true,"_links":{"self":[{"href":"https:\/\/mimitoi.com\/index.php\/wp-json\/wp\/v2\/product\/34423"}],"collection":[{"href":"https:\/\/mimitoi.com\/index.php\/wp-json\/wp\/v2\/product"}],"about":[{"href":"https:\/\/mimitoi.com\/index.php\/wp-json\/wp\/v2\/types\/product"}],"replies":[{"embeddable":true,"href":"https:\/\/mimitoi.com\/index.php\/wp-json\/wp\/v2\/comments?post=34423"}],"wp:featuredmedia":[{"embeddable":true,"href":"https:\/\/mimitoi.com\/index.php\/wp-json\/wp\/v2\/media\/34425"}],"wp:attachment":[{"href":"https:\/\/mimitoi.com\/index.php\/wp-json\/wp\/v2\/media?parent=34423"}],"wp:term":[{"taxonomy":"product_cat","embeddable":true,"href":"https:\/\/mimitoi.com\/index.php\/wp-json\/wp\/v2\/product_cat?post=34423"},{"taxonomy":"product_tag","embeddable":true,"href":"https:\/\/mimitoi.com\/index.php\/wp-json\/wp\/v2\/product_tag?post=34423"}],"curies":[{"name":"wp","href":"https:\/\/api.w.org\/{rel}","templated":true}]}}