{"id":34160,"date":"2023-03-23T21:29:14","date_gmt":"2023-03-24T02:29:14","guid":{"rendered":"https:\/\/mimitoi.com\/?post_type=product&#038;p=34160"},"modified":"2025-12-10T20:16:28","modified_gmt":"2025-12-11T01:16:28","slug":"audifonos-in-ear-inalambricos-f9-5-negro","status":"publish","type":"product","link":"https:\/\/mimitoi.com\/index.php\/product\/audifonos-in-ear-inalambricos-f9-5-negro\/","title":{"rendered":"Aud\u00edfonos In-ear Inal\u00e1mbricos F9-5 Negro"},"content":{"rendered":"<p>En la calle, en el colectivo o en la oficina, ten siempre a mano tus aud\u00edfonos F9-5 y \u00a1esc\u00e1pate de la rutina por un rato! Vas a poder disfrutar de la m\u00fasica que m\u00e1s te gusta y de tus podcasts favoritos cuando quieras y donde quieras.<\/p>\n<ul class=\"ui-vpp-highlighted-specs__features-list\">\n<li class=\"ui-vpp-highlighted-specs__features-list-item ui-pdp-color--BLACK ui-pdp-size--XSMALL ui-pdp-family--REGULAR\">Cuenta con tecnolog\u00eda True Wireless.<\/li>\n<li class=\"ui-vpp-highlighted-specs__features-list-item ui-pdp-color--BLACK ui-pdp-size--XSMALL ui-pdp-family--REGULAR\">Alcance inal\u00e1mbrico de 10\u00a0m.<\/li>\n<li class=\"ui-vpp-highlighted-specs__features-list-item ui-pdp-color--BLACK ui-pdp-size--XSMALL ui-pdp-family--REGULAR\">La bater\u00eda dura 3-4 h.<\/li>\n<li class=\"ui-vpp-highlighted-specs__features-list-item ui-pdp-color--BLACK ui-pdp-size--XSMALL ui-pdp-family--REGULAR\">Modo manos libres incluido.<\/li>\n<li class=\"ui-vpp-highlighted-specs__features-list-item ui-pdp-color--BLACK ui-pdp-size--XSMALL ui-pdp-family--REGULAR\">Con cancelaci\u00f3n de ruido.<\/li>\n<li class=\"ui-vpp-highlighted-specs__features-list-item ui-pdp-color--BLACK ui-pdp-size--XSMALL ui-pdp-family--REGULAR\">Con estuche de carga.<\/li>\n<li class=\"ui-vpp-highlighted-specs__features-list-item ui-pdp-color--BLACK ui-pdp-size--XSMALL ui-pdp-family--REGULAR\">Con micr\u00f3fono incorporado.<\/li>\n<li class=\"ui-vpp-highlighted-specs__features-list-item ui-pdp-color--BLACK ui-pdp-size--XSMALL ui-pdp-family--REGULAR\">Uso apto para deporte.<\/li>\n<li class=\"ui-vpp-highlighted-specs__features-list-item ui-pdp-color--BLACK ui-pdp-size--XSMALL ui-pdp-family--REGULAR\">Sonido superior y sin l\u00edmites.<\/li>\n<li class=\"ui-vpp-highlighted-specs__features-list-item ui-pdp-color--BLACK ui-pdp-size--XSMALL ui-pdp-family--REGULAR\">C\u00f3modos y pr\u00e1cticos.<\/li>\n<li class=\"ui-vpp-highlighted-specs__features-list-item ui-pdp-color--BLACK ui-pdp-size--XSMALL ui-pdp-family--REGULAR\">La duraci\u00f3n de la bater\u00eda depende del uso que se le d\u00e9 al producto.<\/li>\n<li class=\"ui-vpp-highlighted-specs__features-list-item ui-pdp-color--BLACK ui-pdp-size--XSMALL ui-pdp-family--REGULAR\">Tama\u00f1o del altavoz: 8mm.<\/li>\n<\/ul>\n","protected":false},"excerpt":{"rendered":"<p>Esc\u00e1pate de la rutina en cualquier lugar con nuestros aud\u00edfonos F9-5. \ud83c\udfb6<\/p>\n<p>\u2714\ufe0f Tecnolog\u00eda True Wireless para total libertad.<\/p>\n<p>\u2714\ufe0f Bater\u00eda de 3-4 h.<\/p>\n<p>\u2714\ufe0f Modo manos libres y cancelaci\u00f3n de ruido pasiva.<\/p>\n<p>\u2714\ufe0f Estuche de carga incluido.<\/p>\n<p>\u2714\ufe0f Micr\u00f3fono incorporado.<\/p>\n<p>\u2714\ufe0f Sonido superior y c\u00f3modos..<\/p>\n<p>\u2714\ufe0f Altavoz de 8mm para una experiencia auditiva excepcional.<\/p>\n<p>Lleva tu m\u00fasica a todas partes. \u00a1Descubre la libertad de sonido con F9-5! \ud83c\udfa7\ud83c\udf1f #AuricularesInal\u00e1mbricos #M\u00fasicaEnMovimiento #Tecnolog\u00eda<\/p>\n<p><strong>Te hacemos un descuento de $1000 pesos despu\u00e9s del segundo articulo!!<\/strong><\/p>\n<p><strong>Paga contra entrega!!<\/strong><\/p>\n<p><strong>Paga con NEQUI o DAVIPLATA!!<\/strong><\/p>\n<p><strong>Env\u00edos a toda Colombia!!<\/strong><\/p>\n<h4><strong><a href=\"https:\/\/wa.me\/573176879290?text=Hola%20estoy%20interesado%20en%20audifonos%20F9\">Si tienes dudas cont\u00e1ctanos al WhatsApp 3176879290 <img decoding=\"async\" class=\"alignnone wp-image-34219\" src=\"https:\/\/mimitoi.com\/wp-content\/uploads\/2023\/03\/logow.png\" alt=\"\" width=\"21\" height=\"21\" \/><\/a><\/strong><\/h4>\n","protected":false},"featured_media":34165,"comment_status":"open","ping_status":"closed","template":"","meta":{"om_disable_all_campaigns":false,"_monsterinsights_skip_tracking":false,"_monsterinsights_sitenote_active":false,"_monsterinsights_sitenote_note":"","_monsterinsights_sitenote_category":0,"_uf_show_specific_survey":0,"_uf_disable_surveys":false},"product_cat":[219],"product_tag":[],"aioseo_notices":[],"jetpack_sharing_enabled":true,"_links":{"self":[{"href":"https:\/\/mimitoi.com\/index.php\/wp-json\/wp\/v2\/product\/34160"}],"collection":[{"href":"https:\/\/mimitoi.com\/index.php\/wp-json\/wp\/v2\/product"}],"about":[{"href":"https:\/\/mimitoi.com\/index.php\/wp-json\/wp\/v2\/types\/product"}],"replies":[{"embeddable":true,"href":"https:\/\/mimitoi.com\/index.php\/wp-json\/wp\/v2\/comments?post=34160"}],"wp:featuredmedia":[{"embeddable":true,"href":"https:\/\/mimitoi.com\/index.php\/wp-json\/wp\/v2\/media\/34165"}],"wp:attachment":[{"href":"https:\/\/mimitoi.com\/index.php\/wp-json\/wp\/v2\/media?parent=34160"}],"wp:term":[{"taxonomy":"product_cat","embeddable":true,"href":"https:\/\/mimitoi.com\/index.php\/wp-json\/wp\/v2\/product_cat?post=34160"},{"taxonomy":"product_tag","embeddable":true,"href":"https:\/\/mimitoi.com\/index.php\/wp-json\/wp\/v2\/product_tag?post=34160"}],"curies":[{"name":"wp","href":"https:\/\/api.w.org\/{rel}","templated":true}]}}